{"id":28,"date":"2025-01-31T07:59:31","date_gmt":"2025-01-31T13:59:31","guid":{"rendered":"https:\/\/uy.setorreciclagem.com.br\/?page_id=28"},"modified":"2025-04-01T13:51:01","modified_gmt":"2025-04-01T18:51:01","slug":"contactenos","status":"publish","type":"page","link":"https:\/\/uy.setorreciclagem.com.br\/fr\/contactenos\/","title":{"rendered":"Cont\u00e1ctenos"},"content":{"rendered":"<p>En <strong>UY Setor<\/strong> estamos comprometidos a brindarte la mejor atenci\u00f3n y soporte en temas de innovaci\u00f3n tecnol\u00f3gica, energ\u00edas renovables y soluciones smart. Nos encantar\u00eda recibir tus consultas, comentarios o sugerencias. Puedes comunicarte con nosotros a trav\u00e9s de los siguientes canales:<\/p>\n\n\n\n<ul class=\"wp-block-list\">\n<li><strong>Correo Electr\u00f3nico:<\/strong> <a href=\"mailto:contact@setorreciclagem.com.br\">contact@setorreciclagem.com.br<\/a><\/li>\n\n\n\n<li><strong>Sitio Web:<\/strong> <a href=\"https:\/\/uy.setorreciclagem.com.br\/fr\/\">UY Setor<\/a><\/li>\n<\/ul>\n\n\n\n<h2 class=\"wp-block-heading\">Horario de Atenci\u00f3n<\/h2>\n\n\n\n<ul class=\"wp-block-list\">\n<li><strong>Lunes a Viernes:<\/strong> 9:00 a 18:00<\/li>\n\n\n\n<li><strong>S\u00e1bado:<\/strong> 10:00 a 14:00<\/li>\n\n\n\n<li><strong>Domingo:<\/strong> Cerrado<\/li>\n<\/ul>\n\n\n\n<hr class=\"wp-block-separator has-alpha-channel-opacity\"\/>\n\n\n\n<p>Estamos aqu\u00ed para ayudarte y esperamos tu mensaje. \u00a1Gracias por confiar en nosotros!<\/p>","protected":false},"excerpt":{"rendered":"<p>En UY Setor estamos comprometidos a brindarte la mejor atenci\u00f3n y soporte en temas de innovaci\u00f3n tecnol\u00f3gica, energ\u00edas renovables y soluciones smart. Nos encantar\u00eda recibir tus consultas, comentarios o sugerencias. Puedes comunicarte con nosotros a trav\u00e9s de los siguientes canales: Horario de Atenci\u00f3n Estamos aqu\u00ed para ayudarte y esperamos tu mensaje. \u00a1Gracias por confiar en [&hellip;]<\/p>\n","protected":false},"author":1,"featured_media":17,"parent":0,"menu_order":0,"comment_status":"closed","ping_status":"closed","template":"","meta":{"footnotes":""},"class_list":["post-28","page","type-page","status-publish","has-post-thumbnail","hentry"],"blocksy_meta":[],"_links":{"self":[{"href":"https:\/\/uy.setorreciclagem.com.br\/fr\/wp-json\/wp\/v2\/pages\/28","targetHints":{"allow":["GET"]}}],"collection":[{"href":"https:\/\/uy.setorreciclagem.com.br\/fr\/wp-json\/wp\/v2\/pages"}],"about":[{"href":"https:\/\/uy.setorreciclagem.com.br\/fr\/wp-json\/wp\/v2\/types\/page"}],"author":[{"embeddable":true,"href":"https:\/\/uy.setorreciclagem.com.br\/fr\/wp-json\/wp\/v2\/users\/1"}],"replies":[{"embeddable":true,"href":"https:\/\/uy.setorreciclagem.com.br\/fr\/wp-json\/wp\/v2\/comments?post=28"}],"version-history":[{"count":4,"href":"https:\/\/uy.setorreciclagem.com.br\/fr\/wp-json\/wp\/v2\/pages\/28\/revisions"}],"predecessor-version":[{"id":186,"href":"https:\/\/uy.setorreciclagem.com.br\/fr\/wp-json\/wp\/v2\/pages\/28\/revisions\/186"}],"wp:featuredmedia":[{"embeddable":true,"href":"https:\/\/uy.setorreciclagem.com.br\/fr\/wp-json\/wp\/v2\/media\/17"}],"wp:attachment":[{"href":"https:\/\/uy.setorreciclagem.com.br\/fr\/wp-json\/wp\/v2\/media?parent=28"}],"curies":[{"name":"wp","href":"https:\/\/api.w.org\/{rel}","templated":true}]}}