{"id":30,"date":"2025-01-31T08:02:13","date_gmt":"2025-01-31T14:02:13","guid":{"rendered":"https:\/\/uy.setorreciclagem.com.br\/?page_id=30"},"modified":"2025-03-28T07:43:57","modified_gmt":"2025-03-28T12:43:57","slug":"politica-de-cookies","status":"publish","type":"page","link":"https:\/\/uy.setorreciclagem.com.br\/en_gb\/politica-de-cookies\/","title":{"rendered":"Pol\u00edtica de Cookies"},"content":{"rendered":"<div class=\"cookie-policy\">\n<div class=\"cookie-policy\">\n    \n    <p>\u00a1Bienvenido a <strong>UY Setor<\/strong>! Esta Pol\u00edtica de Cookies describe c\u00f3mo <strong>UY Setor<\/strong> (\u00abnosotros\u00bb, \u00abnuestro\u00bb o \u00abnos\u00bb) utiliza cookies y tecnolog\u00edas similares en el sitio web <a href=\"https:\/\/uy.setorreciclagem.com.br\/en_gb\/\">uy.setorreciclagem.com.br<\/a> (en adelante, el \u00abSitio\u00bb). Estamos comprometidos con la protecci\u00f3n de tu privacidad y con garantizar la transparencia en el uso de cookies, de acuerdo con la Ley General de Protecci\u00f3n de Datos (LGPD &#8211; Ley N\u00ba 13.709\/2018).<\/p>\n    \n    <h2>1. \u00bfQu\u00e9 son las cookies?<\/h2>\n    <p>Las cookies son peque\u00f1os archivos de texto que se almacenan en tu dispositivo (computadora, tableta, smartphone) cuando visitas un sitio web. Se utilizan ampliamente para mejorar el funcionamiento de los sitios web, as\u00ed como para proporcionar informaci\u00f3n a sus propietarios.<\/p>\n    \n    <h2>2. \u00bfC\u00f3mo usamos las cookies?<\/h2>\n    <p>Utilizamos cookies con diversos fines, entre los que se incluyen:<\/p>\n    <ul>\n        <li><strong>Autenticaci\u00f3n y Seguridad<\/strong>: Garantizar que tengas acceso seguro al Sitio y a sus funciones.<\/li>\n        <li><strong>An\u00e1lisis y Mejora<\/strong>: Comprender c\u00f3mo interact\u00faan los usuarios con el Sitio para mejorar su usabilidad y contenido.<\/li>\n        <li><strong>Personalizaci\u00f3n<\/strong>: Adaptar el contenido y las ofertas de acuerdo a tus preferencias y comportamientos de navegaci\u00f3n.<\/li>\n        <li><strong>Publicidad<\/strong>: Mostrar anuncios relevantes y personalizados, as\u00ed como medir la efectividad de las campa\u00f1as publicitarias.<\/li>\n    <\/ul>\n    \n    <h2>3. Tipos de cookies utilizadas<\/h2>\n    \n    <h3>3.1 Cookies Esenciales<\/h3>\n    <p>Estas cookies son necesarias para el funcionamiento b\u00e1sico del Sitio. Permiten navegar y utilizar sus funciones, como acceder a \u00e1reas seguras. Sin estas cookies, algunos servicios ofrecidos no podr\u00edan proporcionarse.<\/p>\n    <strong>Ejemplos de uso:<\/strong>\n    <ul>\n        <li>Mantener activa tu sesi\u00f3n de inicio.<\/li>\n        <li>Recordar tus preferencias de idioma.<\/li>\n    <\/ul>\n    \n    <h3>3.2 Cookies de Rendimiento<\/h3>\n    <p>Las cookies de rendimiento recopilan informaci\u00f3n sobre c\u00f3mo utilizas el Sitio, como las p\u00e1ginas que visitas con mayor frecuencia y si se generan mensajes de error. Estas cookies no recopilan informaci\u00f3n que identifique a un visitante. Toda la informaci\u00f3n recopilada se agrupa y es an\u00f3nima, utiliz\u00e1ndose \u00fanicamente para mejorar el funcionamiento del Sitio.<\/p>\n    <strong>Ejemplos de uso:<\/strong>\n    <ul>\n        <li>Analizar el tr\u00e1fico del Sitio.<\/li>\n        <li>Identificar \u00e1reas que requieren mejoras.<\/li>\n    <\/ul>\n    \n    <h3>3.3 Cookies de Funcionalidad<\/h3>\n    <p>Estas cookies permiten que el Sitio recuerde las elecciones que realizas (como tu nombre de usuario, idioma o la regi\u00f3n en la que te encuentras) y proporcionen funciones mejoradas y m\u00e1s personalizadas. Esta informaci\u00f3n puede utilizarse para recordar tus preferencias en futuras visitas.<\/p>\n    <strong>Ejemplos de uso:<\/strong>\n    <ul>\n        <li>Guardar tus preferencias de visualizaci\u00f3n.<\/li>\n        <li>Personalizar el contenido mostrado seg\u00fan tus elecciones anteriores.<\/li>\n    <\/ul>\n    \n    <h3>3.4 Cookies de Publicidad<\/h3>\n    <p>Las cookies de publicidad se utilizan para mostrar anuncios m\u00e1s relevantes para ti y tus intereses. Tambi\u00e9n se emplean para limitar la cantidad de veces que ves un anuncio y para medir la efectividad de las campa\u00f1as publicitarias.<\/p>\n    <strong>Ejemplos de uso:<\/strong>\n    <ul>\n        <li>Mostrar anuncios basados en tus intereses.<\/li>\n        <li>Controlar la frecuencia con la que se muestra un anuncio espec\u00edfico.<\/li>\n    <\/ul>\n    \n    <h2>4. C\u00f3mo utilizamos las cookies<\/h2>\n    <ul>\n        <li><strong>Autenticaci\u00f3n y Seguridad<\/strong>: Garantizar que tengas acceso seguro al Sitio y a sus funciones.<\/li>\n        <li><strong>An\u00e1lisis y Mejora<\/strong>: Comprender c\u00f3mo interact\u00faan los usuarios con el Sitio para mejorar su usabilidad y contenido.<\/li>\n        <li><strong>Personalizaci\u00f3n<\/strong>: Adaptar el contenido y las ofertas seg\u00fan tus preferencias y comportamientos de navegaci\u00f3n.<\/li>\n        <li><strong>Publicidad<\/strong>: Mostrar anuncios relevantes y personalizados, as\u00ed como medir la efectividad de las campa\u00f1as publicitarias.<\/li>\n    <\/ul>\n    \n    <h2>5. Gesti\u00f3n de las cookies<\/h2>\n    <p>Los usuarios pueden bloquear o desactivar las cookies de cualquier sitio, incluido el nuestro, en cualquier momento ajustando la configuraci\u00f3n de su navegador.<\/p>\n    \n    <h3>5.1 C\u00f3mo bloquear las cookies<\/h3>\n    <p>A continuaci\u00f3n, te proporcionamos enlaces a las gu\u00edas de ayuda de los principales navegadores, que pueden asistirte en este proceso:<\/p>\n    <ul>\n        <li><strong><a href=\"https:\/\/support.microsoft.com\/en-us\/microsoft-edge\/delete-cookies-in-microsoft-edge-63947406-40ac-c3b8-57b9-2a946a29ae09\" target=\"_blank\" rel=\"noopener\">Microsoft Edge<\/a><\/strong><\/li>\n        <li><strong><a href=\"https:\/\/support.mozilla.org\/en-US\/kb\/enable-and-disable-cookies-website-preferences\" target=\"_blank\" rel=\"noopener\">Mozilla Firefox<\/a><\/strong><\/li>\n        <li><strong><a href=\"https:\/\/support.google.com\/chrome\/answer\/95647?hl=en\" target=\"_blank\" rel=\"noopener\">Google Chrome<\/a><\/strong><\/li>\n        <li><strong><a href=\"https:\/\/help.opera.com\/en\/latest\/web-preferences\/#cookies\" target=\"_blank\" rel=\"noopener\">Opera<\/a><\/strong><\/li>\n        <li><strong><a href=\"https:\/\/support.apple.com\/guide\/safari\/manage-cookies-and-website-data-sfri11471\/mac\" target=\"_blank\" rel=\"noopener\">Safari<\/a><\/strong><\/li>\n    <\/ul>\n    \n    <h3>5.2 Desactivar la publicidad personalizada<\/h3>\n    <p>Si deseas desactivar los anuncios personalizados proporcionados por Google, puedes cambiar la configuraci\u00f3n en <a href=\"https:\/\/adssettings.google.com\/authenticated\" target=\"_blank\" rel=\"noopener\">Configuraci\u00f3n de Anuncios de Google<\/a>.<\/p>\n    <p>Para desactivar la publicidad personalizada de terceros, visita <a href=\"https:\/\/www.aboutads.info\" target=\"_blank\" rel=\"noopener\">www.aboutads.info<\/a>, donde encontrar\u00e1s instrucciones sobre c\u00f3mo gestionar tus preferencias publicitarias en diversas plataformas.<\/p>\n    \n    <strong>Pasos para desactivar la publicidad personalizada:<\/strong>\n    <ol>\n        <li><strong>En Google:<\/strong>\n            <ul>\n                <li>Accede a <a href=\"https:\/\/adssettings.google.com\/authenticated\" target=\"_blank\" rel=\"noopener\">Configuraci\u00f3n de Anuncios de Google<\/a>.<\/li>\n                <li>Desactiva la opci\u00f3n \u00abPersonalizaci\u00f3n de anuncios\u00bb.<\/li>\n            <\/ul>\n        <\/li>\n        <li><strong>Con terceros:<\/strong>\n            <ul>\n                <li>Visita <a href=\"https:\/\/www.aboutads.info\" target=\"_blank\" rel=\"noopener\">www.aboutads.info<\/a>.<\/li>\n                <li>Sigue las instrucciones para gestionar tus preferencias publicitarias en varias plataformas y dispositivos.<\/li>\n            <\/ul>\n        <\/li>\n    <\/ol>\n    \n    <h2>6. Consentimiento<\/h2>\n    <p>Al utilizar nuestro Sitio, aceptas el uso de cookies seg\u00fan lo descrito en esta Pol\u00edtica de Cookies. Si no est\u00e1s de acuerdo con el uso de ciertos tipos de cookies, puedes ajustar la configuraci\u00f3n de cookies seg\u00fan las instrucciones anteriores. Sin embargo, ten en cuenta que desactivar algunas cookies puede afectar tu experiencia en el Sitio y limitar el acceso a ciertas funciones.<\/p>\n    \n    <h2>7. Actualizaciones de la Pol\u00edtica de Cookies<\/h2>\n    <p>Podemos actualizar esta Pol\u00edtica de Cookies peri\u00f3dicamente para reflejar cambios en nuestras pr\u00e1cticas o por razones legales. Cuando realicemos cambios, actualizaremos la fecha de \u00ab\u00daltima actualizaci\u00f3n\u00bb al final de esta pol\u00edtica y publicaremos la versi\u00f3n revisada en el Sitio. Te recomendamos revisar esta pol\u00edtica de manera regular para estar informado sobre c\u00f3mo utilizamos las cookies.<\/p>\n    \n    <h2>8. Servicios de terceros<\/h2>\n    <p>Podemos utilizar servicios de terceros para proporcionar funcionalidades adicionales en el Sitio, como el procesamiento de pagos, an\u00e1lisis de datos y alojamiento de contenido. Estos terceros pueden tener acceso a tu informaci\u00f3n personal \u00fanicamente para realizar estas tareas en nuestro nombre y est\u00e1n obligados a proteger dicha informaci\u00f3n de acuerdo con esta Pol\u00edtica de Privacidad y la LGPD.<\/p>\n    \n    <h2>9. Privacidad de los menores<\/h2>\n    <p>Nuestro Sitio no est\u00e1 destinado a ni\u00f1os menores de 18 a\u00f1os. No recopilamos intencionadamente informaci\u00f3n personal de menores. Si llegamos a saber que hemos recopilado informaci\u00f3n personal de un menor de forma inadvertida, tomaremos medidas para eliminar dicha informaci\u00f3n de inmediato.<\/p>\n    \n    <h2>10. Contacto<\/h2>\n    <p>Si tienes alguna pregunta sobre esta Pol\u00edtica de Cookies, por favor cont\u00e1ctanos a trav\u00e9s del correo electr\u00f3nico <a href=\"mailto:contacto@setorreciclagem.com.br\">contacto@setorreciclagem.com.br<\/a>.<\/p>\n    \n    <hr>\n    \n    <p class=\"last-updated\">\u00daltima actualizaci\u00f3n: 28 de marzo de 2025<\/p>\n<\/div>\n<\/div>\n\n\n\n<p><\/p>","protected":false},"excerpt":{"rendered":"<p>\u00a1Bienvenido a UY Setor! Esta Pol\u00edtica de Cookies describe c\u00f3mo UY Setor (\u00abnosotros\u00bb, \u00abnuestro\u00bb o \u00abnos\u00bb) utiliza cookies y tecnolog\u00edas similares en el sitio web uy.setorreciclagem.com.br (en adelante, el \u00abSitio\u00bb). Estamos comprometidos con la protecci\u00f3n de tu privacidad y con garantizar la transparencia en el uso de cookies, de acuerdo con la Ley General de [&hellip;]<\/p>\n","protected":false},"author":1,"featured_media":17,"parent":0,"menu_order":0,"comment_status":"closed","ping_status":"closed","template":"","meta":{"footnotes":""},"class_list":["post-30","page","type-page","status-publish","has-post-thumbnail","hentry"],"blocksy_meta":[],"_links":{"self":[{"href":"https:\/\/uy.setorreciclagem.com.br\/en_gb\/wp-json\/wp\/v2\/pages\/30","targetHints":{"allow":["GET"]}}],"collection":[{"href":"https:\/\/uy.setorreciclagem.com.br\/en_gb\/wp-json\/wp\/v2\/pages"}],"about":[{"href":"https:\/\/uy.setorreciclagem.com.br\/en_gb\/wp-json\/wp\/v2\/types\/page"}],"author":[{"embeddable":true,"href":"https:\/\/uy.setorreciclagem.com.br\/en_gb\/wp-json\/wp\/v2\/users\/1"}],"replies":[{"embeddable":true,"href":"https:\/\/uy.setorreciclagem.com.br\/en_gb\/wp-json\/wp\/v2\/comments?post=30"}],"version-history":[{"count":5,"href":"https:\/\/uy.setorreciclagem.com.br\/en_gb\/wp-json\/wp\/v2\/pages\/30\/revisions"}],"predecessor-version":[{"id":172,"href":"https:\/\/uy.setorreciclagem.com.br\/en_gb\/wp-json\/wp\/v2\/pages\/30\/revisions\/172"}],"wp:featuredmedia":[{"embeddable":true,"href":"https:\/\/uy.setorreciclagem.com.br\/en_gb\/wp-json\/wp\/v2\/media\/17"}],"wp:attachment":[{"href":"https:\/\/uy.setorreciclagem.com.br\/en_gb\/wp-json\/wp\/v2\/media?parent=30"}],"curies":[{"name":"wp","href":"https:\/\/api.w.org\/{rel}","templated":true}]}}